{"id":8,"date":"2022-06-05T14:08:56","date_gmt":"2022-06-05T14:08:56","guid":{"rendered":"https:\/\/fervent-antonelli.140-82-7-101.plesk.page\/?page_id=8"},"modified":"2026-01-05T13:08:09","modified_gmt":"2026-01-05T13:08:09","slug":"auto-draft","status":"publish","type":"page","link":"https:\/\/fervent-antonelli.140-82-7-101.plesk.page\/","title":{"rendered":"Home"},"content":{"rendered":"<p>[et_pb_section fb_built=&#8221;1&#8243; admin_label=&#8221;Section&#8221; _builder_version=&#8221;4.16&#8243; background_image=&#8221;https:\/\/fervent-antonelli.140-82-7-101.plesk.page\/wp-content\/uploads\/2022\/06\/billboard-scaled.jpg&#8221; min_height=&#8221;534px&#8221; global_colors_info=&#8221;{}&#8221;][et_pb_row _builder_version=&#8221;4.16&#8243; global_colors_info=&#8221;{}&#8221;][et_pb_column type=&#8221;4_4&#8243; _builder_version=&#8221;4.16&#8243; global_colors_info=&#8221;{}&#8221;][et_pb_image src=&#8221;https:\/\/fervent-antonelli.140-82-7-101.plesk.page\/wp-content\/uploads\/2022\/06\/WifiSolution.png&#8221; title_text=&#8221;WifiSolution&#8221; src_tablet=&#8221;https:\/\/fervent-antonelli.140-82-7-101.plesk.page\/wp-content\/uploads\/2022\/06\/WifiSolution.png&#8221; src_phone=&#8221;https:\/\/fervent-antonelli.140-82-7-101.plesk.page\/wp-content\/uploads\/2022\/06\/WifiSolution.png&#8221; src_last_edited=&#8221;on|tablet&#8221; _builder_version=&#8221;4.16&#8243; width=&#8221;100%&#8221; max_width=&#8221;100%&#8221; module_alignment=&#8221;center&#8221; min_height=&#8221;100px&#8221; global_colors_info=&#8221;{}&#8221;][\/et_pb_image][\/et_pb_column][\/et_pb_row][et_pb_row _builder_version=&#8221;4.16&#8243; background_color=&#8221;rgba(252,252,252,0.56)&#8221; custom_margin=&#8221;25px||||false|false&#8221; global_colors_info=&#8221;{}&#8221;][et_pb_column type=&#8221;4_4&#8243; _builder_version=&#8221;4.16&#8243; global_colors_info=&#8221;{}&#8221;][et_pb_text _builder_version=&#8221;4.16&#8243; text_font=&#8221;Aclonica||||||||&#8221; text_text_color=&#8221;#000000&#8243; text_font_size=&#8221;25px&#8221; text_text_shadow_style=&#8221;preset3&#8243; global_colors_info=&#8221;{}&#8221;]<\/p>\n<p style=\"text-align: center;\"><strong>VOTRE MEILLEURE SOLUTION POUR TOUS VOS PROJETS EN SANS-FIL<\/strong><\/p>\n<p>[\/et_pb_text][\/et_pb_column][\/et_pb_row][\/et_pb_section][et_pb_section fb_built=&#8221;1&#8243; admin_label=&#8221;Section&#8221; _builder_version=&#8221;4.16&#8243; background_color=&#8221;#000000&#8243; global_colors_info=&#8221;{}&#8221;][et_pb_row _builder_version=&#8221;4.16&#8243; global_colors_info=&#8221;{}&#8221;][et_pb_column type=&#8221;4_4&#8243; _builder_version=&#8221;4.16&#8243; global_colors_info=&#8221;{}&#8221;][et_pb_text _builder_version=&#8221;4.16&#8243; text_font=&#8221;Aclonica||||||||&#8221; text_text_color=&#8221;#ffffff&#8221; text_font_size=&#8221;34px&#8221; header_font=&#8221;Aclonica||||||||&#8221; header_text_color=&#8221;#FFFFFF&#8221; header_font_size=&#8221;45px&#8221; custom_padding=&#8221;||1px|||&#8221; global_colors_info=&#8221;{}&#8221;]<\/p>\n<h1 style=\"text-align: center;\">NOS SERVICES<\/h1>\n<p>[\/et_pb_text][\/et_pb_column][\/et_pb_row][et_pb_row column_structure=&#8221;1_2,1_2&#8243; _builder_version=&#8221;4.16&#8243; _module_preset=&#8221;default&#8221; use_background_color_gradient=&#8221;on&#8221; background_color_gradient_direction=&#8221;118deg&#8221; background_color_gradient_stops=&#8221;rgba(41,196,169,0) 14%|#000000 47%&#8221; background_color_gradient_overlays_image=&#8221;on&#8221; background_color_gradient_start=&#8221;rgba(41,196,169,0)&#8221; background_color_gradient_start_position=&#8221;14%&#8221; background_color_gradient_end=&#8221;#000000&#8243; background_color_gradient_end_position=&#8221;47%&#8221; background_image=&#8221;https:\/\/fervent-antonelli.140-82-7-101.plesk.page\/wp-content\/uploads\/2022\/06\/cafe1.jpg&#8221; background_size=&#8221;initial&#8221; background_position=&#8221;center_left&#8221; height=&#8221;329px&#8221; background_last_edited=&#8221;on|phone&#8221; background_color_gradient_stops_phone=&#8221;rgba(41,196,169,0) 15%|#000000 100%&#8221; background_color_gradient_start_position_phone=&#8221;15%&#8221; background_color_gradient_end_position_phone=&#8221;100%&#8221; global_colors_info=&#8221;{}&#8221;][et_pb_column type=&#8221;1_2&#8243; _builder_version=&#8221;4.16&#8243; _module_preset=&#8221;default&#8221; global_colors_info=&#8221;{}&#8221;][et_pb_text _builder_version=&#8221;4.16&#8243; _module_preset=&#8221;default&#8221; global_colors_info=&#8221;{}&#8221;][\/et_pb_text][\/et_pb_column][et_pb_column type=&#8221;1_2&#8243; _builder_version=&#8221;4.16&#8243; _module_preset=&#8221;default&#8221; global_colors_info=&#8221;{}&#8221;][et_pb_text _builder_version=&#8221;4.16&#8243; _module_preset=&#8221;default&#8221; text_font=&#8221;Aclonica||||||||&#8221; text_text_color=&#8221;#FFFFFF&#8221; header_font=&#8221;Aclonica||||||||&#8221; header_4_font=&#8221;Aclonica||||||||&#8221; header_4_text_color=&#8221;#FFFFFF&#8221; header_4_font_size=&#8221;27px&#8221; custom_padding=&#8221;14%||0px||false|false&#8221; global_colors_info=&#8221;{}&#8221;]<\/p>\n<h4 class=\"et_pb_module_header et-fb-editable-element et-fb-editable-element__editing\" data-shortcode-id=\"1.1.0.0-1654608466295\" data-quickaccess-id=\"header\" contenteditable=\"true\" style=\"text-align: center;\">Distribution WIFI<\/h4>\n<p style=\"text-align: center;\"><span>R\u00c9SIDENTIEL &#8211; COMMERCIAL &#8211; LOGEMENTS LOCATIF D\u00c9PLOIEMENT EXTERIEUR<\/span><\/p>\n<p>[\/et_pb_text][\/et_pb_column][\/et_pb_row][et_pb_row column_structure=&#8221;1_2,1_2&#8243; custom_padding_last_edited=&#8221;on|phone&#8221; _builder_version=&#8221;4.16&#8243; _module_preset=&#8221;default&#8221; use_background_color_gradient=&#8221;on&#8221; background_color_gradient_direction=&#8221;248deg&#8221; background_color_gradient_stops=&#8221;rgba(10,1,9,0) 25%|#000000 59%&#8221; background_color_gradient_overlays_image=&#8221;on&#8221; background_color_gradient_start=&#8221;rgba(10,1,9,0)&#8221; background_color_gradient_start_position=&#8221;25%&#8221; background_color_gradient_end=&#8221;#000000&#8243; background_color_gradient_end_position=&#8221;59%&#8221; background_image=&#8221;https:\/\/fervent-antonelli.140-82-7-101.plesk.page\/wp-content\/uploads\/2022\/06\/Semiconductor-Fiber-Could-Replace-Fiber-Optic-Cable-Transmission-Lines-37745-300&#215;181.png&#8221; background_size=&#8221;contain&#8221; background_position=&#8221;bottom_right&#8221; height=&#8221;329px&#8221; custom_margin=&#8221;30px||||false|false&#8221; custom_padding_tablet=&#8221;&#8221; custom_padding_phone=&#8221;0px||||false|false&#8221; background_last_edited=&#8221;on|phone&#8221; background_size_phone=&#8221;cover&#8221; global_colors_info=&#8221;{}&#8221;][et_pb_column type=&#8221;1_2&#8243; _builder_version=&#8221;4.16&#8243; _module_preset=&#8221;default&#8221; global_colors_info=&#8221;{}&#8221;][et_pb_text _builder_version=&#8221;4.16&#8243; _module_preset=&#8221;default&#8221; text_font=&#8221;Aclonica||||||||&#8221; text_text_color=&#8221;#FFFFFF&#8221; text_font_size=&#8221;17px&#8221; header_font=&#8221;Aclonica||||||||&#8221; header_text_color=&#8221;#FFFFFF&#8221; custom_padding=&#8221;14%||||false|false&#8221; custom_padding_tablet=&#8221;&#8221; custom_padding_phone=&#8221;36%||||false|false&#8221; custom_padding_last_edited=&#8221;on|phone&#8221; global_colors_info=&#8221;{}&#8221; custom_padding__hover_enabled=&#8221;off|desktop&#8221;]<\/p>\n<h1 style=\"text-align: center;\">D\u00e9ploiement fibre optique<\/h1>\n<p style=\"text-align: center;\">Pour tout vos projets de fibre<\/p>\n<p style=\"text-align: center;\">et boites de\u00a0 terminaisons<\/p>\n<p>[\/et_pb_text][\/et_pb_column][et_pb_column type=&#8221;1_2&#8243; _builder_version=&#8221;4.16&#8243; _module_preset=&#8221;default&#8221; global_colors_info=&#8221;{}&#8221;][et_pb_text _builder_version=&#8221;4.16&#8243; _module_preset=&#8221;default&#8221; global_colors_info=&#8221;{}&#8221;][\/et_pb_text][\/et_pb_column][\/et_pb_row][et_pb_row column_structure=&#8221;1_2,1_2&#8243; _builder_version=&#8221;4.16&#8243; _module_preset=&#8221;default&#8221; use_background_color_gradient=&#8221;on&#8221; background_color_gradient_direction=&#8221;109deg&#8221; background_color_gradient_stops=&#8221;rgba(41,196,169,0) 14%|#000000 54%&#8221; background_color_gradient_overlays_image=&#8221;on&#8221; background_color_gradient_start=&#8221;rgba(41,196,169,0)&#8221; background_color_gradient_start_position=&#8221;14%&#8221; background_color_gradient_end=&#8221;#000000&#8243; background_color_gradient_end_position=&#8221;54%&#8221; background_image=&#8221;https:\/\/fervent-antonelli.140-82-7-101.plesk.page\/wp-content\/uploads\/2022\/06\/istockphoto-1262893265-612&#215;612-1.jpg&#8221; background_size=&#8221;initial&#8221; background_position=&#8221;center_left&#8221; height=&#8221;329px&#8221; custom_margin=&#8221;30px||||false|false&#8221; background_last_edited=&#8221;on|phone&#8221; background_color_gradient_stops_phone=&#8221;rgba(41,196,169,0) 0%|#000000 100%&#8221; background_color_gradient_start_position_phone=&#8221;0%&#8221; background_color_gradient_end_position_phone=&#8221;100%&#8221; background_size_phone=&#8221;cover&#8221; global_colors_info=&#8221;{}&#8221;][et_pb_column type=&#8221;1_2&#8243; _builder_version=&#8221;4.16&#8243; _module_preset=&#8221;default&#8221; global_colors_info=&#8221;{}&#8221;][et_pb_text _builder_version=&#8221;4.16&#8243; _module_preset=&#8221;default&#8221; global_colors_info=&#8221;{}&#8221;][\/et_pb_text][\/et_pb_column][et_pb_column type=&#8221;1_2&#8243; _builder_version=&#8221;4.16&#8243; _module_preset=&#8221;default&#8221; global_colors_info=&#8221;{}&#8221;][et_pb_text _builder_version=&#8221;4.16&#8243; _module_preset=&#8221;default&#8221; text_font=&#8221;Aclonica||||||||&#8221; text_text_color=&#8221;#FFFFFF&#8221; header_font=&#8221;Aclonica||||||||&#8221; header_4_font=&#8221;Aclonica||||||||&#8221; header_4_text_color=&#8221;#FFFFFF&#8221; header_4_font_size=&#8221;27px&#8221; custom_padding=&#8221;14%||0px||false|false&#8221; global_colors_info=&#8221;{}&#8221;]<\/p>\n<h4 class=\"et_pb_module_header et-fb-editable-element et-fb-editable-element__editing\" data-shortcode-id=\"1.3.0.0-1654651741764\" data-quickaccess-id=\"header\" contenteditable=\"true\" style=\"text-align: center;\">Camping connect\u00e9<\/h4>\n<p style=\"text-align: center;\">D\u00e9ploiement, optimisation et prise en charge de r\u00e9seau sans-fil<\/p>\n<p>[\/et_pb_text][\/et_pb_column][\/et_pb_row][et_pb_row _builder_version=&#8221;4.16&#8243; global_colors_info=&#8221;{}&#8221;][et_pb_column type=&#8221;4_4&#8243; _builder_version=&#8221;4.16&#8243; global_colors_info=&#8221;{}&#8221;][et_pb_blurb title=&#8221;T\u00c9L\u00c9PHONIE IP&#8221; icon_placement=&#8221;left&#8221; _builder_version=&#8221;4.16&#8243; header_font=&#8221;Aclonica||||||||&#8221; header_text_color=&#8221;#ffffff&#8221; header_font_size=&#8221;41px&#8221; body_font=&#8221;Aclonica||||||||&#8221; body_text_color=&#8221;#ffffff&#8221; use_background_color_gradient=&#8221;on&#8221; background_color_gradient_direction=&#8221;125deg&#8221; background_color_gradient_stops=&#8221;#000000 41%|rgba(53,53,53,0) 84%&#8221; background_color_gradient_overlays_image=&#8221;on&#8221; background_color_gradient_start=&#8221;#000000&#8243; background_color_gradient_start_position=&#8221;41%&#8221; background_color_gradient_end=&#8221;rgba(53,53,53,0)&#8221; background_color_gradient_end_position=&#8221;84%&#8221; background_image=&#8221;https:\/\/fervent-antonelli.140-82-7-101.plesk.page\/wp-content\/uploads\/2022\/06\/voip1.jpg&#8221; background_position=&#8221;center_right&#8221; text_orientation=&#8221;center&#8221; height=&#8221;311px&#8221; max_height=&#8221;311px&#8221; custom_margin=&#8221;||||false|false&#8221; custom_padding=&#8221;7%|60%||0px|false|false&#8221; global_colors_info=&#8221;{}&#8221;]<\/p>\n<p style=\"text-align: center;\"><span>T\u00c9L\u00c9PHONIE H\u00c9BERG\u00c9E (CLOUD) OU SUR SITE<br \/> PROPULS\u00c9 PAR<\/span><\/p>\n<p style=\"text-align: center;\"><span><img loading=\"lazy\" decoding=\"async\" src=\"https:\/\/www.solutionanexa.com\/css\/img\/logo.png\" width=\"213\" height=\"57\" \/><\/span><\/p>\n<p>&nbsp;<\/p>\n<p>[\/et_pb_blurb][\/et_pb_column][\/et_pb_row][et_pb_row column_structure=&#8221;1_2,1_2&#8243; _builder_version=&#8221;4.16&#8243; _module_preset=&#8221;default&#8221; use_background_color_gradient=&#8221;on&#8221; background_color_gradient_direction=&#8221;116deg&#8221; background_color_gradient_stops=&#8221;rgba(41,196,169,0) 0%|#000000 38%&#8221; background_color_gradient_overlays_image=&#8221;on&#8221; background_color_gradient_start=&#8221;rgba(41,196,169,0)&#8221; background_color_gradient_end=&#8221;#000000&#8243; background_color_gradient_end_position=&#8221;38%&#8221; background_image=&#8221;https:\/\/fervent-antonelli.140-82-7-101.plesk.page\/wp-content\/uploads\/2022\/06\/cyber-e1654608355962.jpg&#8221; background_size=&#8221;contain&#8221; background_position=&#8221;center_left&#8221; height=&#8221;329px&#8221; global_colors_info=&#8221;{}&#8221;][et_pb_column type=&#8221;1_2&#8243; _builder_version=&#8221;4.16&#8243; _module_preset=&#8221;default&#8221; global_colors_info=&#8221;{}&#8221;][\/et_pb_column][et_pb_column type=&#8221;1_2&#8243; _builder_version=&#8221;4.16&#8243; _module_preset=&#8221;default&#8221; global_colors_info=&#8221;{}&#8221;][et_pb_text _builder_version=&#8221;4.16&#8243; _module_preset=&#8221;default&#8221; text_font=&#8221;Aclonica||||||||&#8221; text_text_color=&#8221;#FFFFFF&#8221; header_4_font=&#8221;Aclonica||||||||&#8221; header_4_text_color=&#8221;#FFFFFF&#8221; header_4_font_size=&#8221;27px&#8221; custom_padding=&#8221;10%||||false|false&#8221; global_colors_info=&#8221;{}&#8221;]<\/p>\n<h4 class=\"et_pb_module_header et-fb-editable-element et-fb-editable-element__editing\" data-shortcode-id=\"1.1.0.4-1654607913631\" data-quickaccess-id=\"header\" contenteditable=\"true\" style=\"text-align: center;\">CONSULTATION EN INFRASTRUTURE RESEAU<\/h4>\n<p style=\"text-align: center;\">LAISSEZ NOUS VOUS GUIDEZ POUR TOUTE VOTRE INSTALLATION R\u00c9SEAU AINSI QUE VOTRE S\u00c9CURIT\u00c9<\/p>\n<p>[\/et_pb_text][\/et_pb_column][\/et_pb_row][\/et_pb_section][et_pb_section fb_built=&#8221;1&#8243; _builder_version=&#8221;4.16&#8243; _module_preset=&#8221;default&#8221; global_colors_info=&#8221;{}&#8221;][et_pb_row _builder_version=&#8221;4.16&#8243; _module_preset=&#8221;default&#8221; global_colors_info=&#8221;{}&#8221;][et_pb_column type=&#8221;4_4&#8243; _builder_version=&#8221;4.16&#8243; _module_preset=&#8221;default&#8221; global_colors_info=&#8221;{}&#8221;][et_pb_text _builder_version=&#8221;4.16&#8243; _module_preset=&#8221;default&#8221; header_font=&#8221;Aclonica||||||||&#8221; header_text_color=&#8221;#FFFFFF&#8221; header_font_size=&#8221;45px&#8221; global_colors_info=&#8221;{}&#8221;]<\/p>\n<h1 style=\"text-align: center;\">Nos Projets<\/h1>\n<p>[\/et_pb_text][\/et_pb_column][\/et_pb_row][\/et_pb_section][et_pb_section fb_built=&#8221;1&#8243; _builder_version=&#8221;4.16&#8243; _module_preset=&#8221;default&#8221; global_colors_info=&#8221;{}&#8221;][et_pb_row _builder_version=&#8221;4.16&#8243; _module_preset=&#8221;default&#8221; custom_padding=&#8221;||27px|||&#8221; global_colors_info=&#8221;{}&#8221;][et_pb_column type=&#8221;4_4&#8243; _builder_version=&#8221;4.16&#8243; _module_preset=&#8221;default&#8221; global_colors_info=&#8221;{}&#8221;][dica_divi_carousel item_width_auto=&#8221;on&#8221; centermode=&#8221;on&#8221; loop=&#8221;on&#8221; autoplay=&#8221;on&#8221; arrow_nav=&#8221;on&#8221; item_spacing=&#8221;65&#8243; equal_height=&#8221;on&#8221; advanced_effect=&#8221;coverflow&#8221; coverflow_rotate=&#8221;37&#8243; _builder_version=&#8221;4.27.5&#8243; _module_preset=&#8221;default&#8221; hover_enabled=&#8221;0&#8243; global_colors_info=&#8221;{}&#8221; sticky_enabled=&#8221;0&#8243;][dica_divi_carouselitem button_url_new_window=&#8221;1&#8243; image=&#8221;https:\/\/fervent-antonelli.140-82-7-101.plesk.page\/wp-content\/uploads\/2022\/06\/istockphoto-1262893265-612&#215;612-1.jpg&#8221; image_lightbox=&#8221;on&#8221; _builder_version=&#8221;4.16&#8243; _module_preset=&#8221;default&#8221; global_colors_info=&#8221;{}&#8221;][\/dica_divi_carouselitem][dica_divi_carouselitem button_url_new_window=&#8221;1&#8243; image=&#8221;https:\/\/fervent-antonelli.140-82-7-101.plesk.page\/wp-content\/uploads\/2022\/06\/City-Paris-connected.jpg&#8221; _builder_version=&#8221;4.16&#8243; _module_preset=&#8221;default&#8221; global_colors_info=&#8221;{}&#8221;][\/dica_divi_carouselitem][dica_divi_carouselitem button_url_new_window=&#8221;1&#8243; image=&#8221;https:\/\/fervent-antonelli.140-82-7-101.plesk.page\/wp-content\/uploads\/2022\/06\/voip.jpg&#8221; _builder_version=&#8221;4.16&#8243; _module_preset=&#8221;default&#8221; global_colors_info=&#8221;{}&#8221;][\/dica_divi_carouselitem][\/dica_divi_carousel][et_pb_text _builder_version=&#8221;4.16&#8243; _module_preset=&#8221;default&#8221; header_font=&#8221;Aclonica||||||||&#8221; header_text_color=&#8221;#FFFFFF&#8221; header_font_size=&#8221;45px&#8221; header_3_font=&#8221;Aclonica||||||||&#8221; header_3_text_color=&#8221;#FFFFFF&#8221; header_4_text_color=&#8221;#FFFFFF&#8221; global_colors_info=&#8221;{}&#8221;]<\/p>\n<h1 style=\"text-align: center;\">Contact<\/h1>\n<h4 style=\"text-align: center;\">info@wifisolution.ca<\/h4>\n<p>&nbsp;<\/p>\n<p>[\/et_pb_text][\/et_pb_column][\/et_pb_row][et_pb_row _builder_version=&#8221;4.16&#8243; _module_preset=&#8221;default&#8221; global_colors_info=&#8221;{}&#8221;][et_pb_column type=&#8221;4_4&#8243; _builder_version=&#8221;4.16&#8243; _module_preset=&#8221;default&#8221; global_colors_info=&#8221;{}&#8221;][et_pb_image src=&#8221;https:\/\/fervent-antonelli.140-82-7-101.plesk.page\/wp-content\/uploads\/2022\/06\/logo.png&#8221; title_text=&#8221;logo&#8221; align=&#8221;center&#8221; _builder_version=&#8221;4.16&#8243; _module_preset=&#8221;default&#8221; animation_style=&#8221;bounce&#8221; global_colors_info=&#8221;{}&#8221;][\/et_pb_image][et_pb_image src=&#8221;https:\/\/fervent-antonelli.140-82-7-101.plesk.page\/wp-content\/uploads\/2026\/01\/D2-Optics-vertical3x1.png&#8221; title_text=&#8221;D2 Optics-vertical3x1&#8243; align=&#8221;center&#8221; _builder_version=&#8221;4.27.5&#8243; _module_preset=&#8221;default&#8221; animation_style=&#8221;fade&#8221; hover_enabled=&#8221;0&#8243; global_colors_info=&#8221;{}&#8221; max_height=&#8221;100px&#8221; custom_padding=&#8221;|11px|||false|false&#8221; sticky_enabled=&#8221;0&#8243;][\/et_pb_image][et_pb_divider color=&#8221;#FFFFFF&#8221; _builder_version=&#8221;4.16&#8243; _module_preset=&#8221;default&#8221; global_colors_info=&#8221;{}&#8221;][\/et_pb_divider][et_pb_text _builder_version=&#8221;4.27.5&#8243; _module_preset=&#8221;default&#8221; header_text_color=&#8221;#FFFFFF&#8221; header_5_text_color=&#8221;#FFFFFF&#8221; hover_enabled=&#8221;0&#8243; global_colors_info=&#8221;{}&#8221; sticky_enabled=&#8221;0&#8243;]<\/p>\n<h5 style=\"text-align: center;\"><span>Copyright \u00a9 WifiSolution.ca 2026 &#8211; All rights reserved<\/span><\/h5>\n<p>[\/et_pb_text][\/et_pb_column][\/et_pb_row][\/et_pb_section]<\/p>\n","protected":false},"excerpt":{"rendered":"<p>VOTRE MEILLEURE SOLUTION POUR TOUS VOS PROJETS EN SANS-FILNOS SERVICESDistribution WIFI R\u00c9SIDENTIEL &#8211; COMMERCIAL &#8211; LOGEMENTS LOCATIF D\u00c9PLOIEMENT EXTERIEURD\u00e9ploiement fibre optique Pour tout vos projets de fibre et boites de\u00a0 terminaisonsCamping connect\u00e9 D\u00e9ploiement, optimisation et prise en charge de r\u00e9seau sans-filT\u00c9L\u00c9PHONIE H\u00c9BERG\u00c9E (CLOUD) OU SUR SITE PROPULS\u00c9 PAR &nbsp;CONSULTATION EN INFRASTRUTURE RESEAU LAISSEZ NOUS VOUS [&hellip;]<\/p>\n","protected":false},"author":1,"featured_media":0,"parent":0,"menu_order":0,"comment_status":"closed","ping_status":"closed","template":"","meta":{"_et_pb_use_builder":"on","_et_pb_old_content":"","_et_gb_content_width":"","footnotes":""},"class_list":["post-8","page","type-page","status-publish","hentry"],"_links":{"self":[{"href":"https:\/\/fervent-antonelli.140-82-7-101.plesk.page\/index.php\/wp-json\/wp\/v2\/pages\/8","targetHints":{"allow":["GET"]}}],"collection":[{"href":"https:\/\/fervent-antonelli.140-82-7-101.plesk.page\/index.php\/wp-json\/wp\/v2\/pages"}],"about":[{"href":"https:\/\/fervent-antonelli.140-82-7-101.plesk.page\/index.php\/wp-json\/wp\/v2\/types\/page"}],"author":[{"embeddable":true,"href":"https:\/\/fervent-antonelli.140-82-7-101.plesk.page\/index.php\/wp-json\/wp\/v2\/users\/1"}],"replies":[{"embeddable":true,"href":"https:\/\/fervent-antonelli.140-82-7-101.plesk.page\/index.php\/wp-json\/wp\/v2\/comments?post=8"}],"version-history":[{"count":35,"href":"https:\/\/fervent-antonelli.140-82-7-101.plesk.page\/index.php\/wp-json\/wp\/v2\/pages\/8\/revisions"}],"predecessor-version":[{"id":115,"href":"https:\/\/fervent-antonelli.140-82-7-101.plesk.page\/index.php\/wp-json\/wp\/v2\/pages\/8\/revisions\/115"}],"wp:attachment":[{"href":"https:\/\/fervent-antonelli.140-82-7-101.plesk.page\/index.php\/wp-json\/wp\/v2\/media?parent=8"}],"curies":[{"name":"wp","href":"https:\/\/api.w.org\/{rel}","templated":true}]}}